{"id":569,"date":"2024-10-29T11:23:11","date_gmt":"2024-10-29T09:23:11","guid":{"rendered":"https:\/\/cselloakademia.hu\/?page_id=569"},"modified":"2024-10-29T11:24:25","modified_gmt":"2024-10-29T09:24:25","slug":"bathori-borbala","status":"publish","type":"page","link":"https:\/\/cselloakademia.hu\/de\/bathori-borbala\/","title":{"rendered":"B\u00e1thori Borb\u00e1la"},"content":{"rendered":"\n<h1 class=\"wp-block-heading\">B\u00e1thori Borb\u00e1la<\/h1>\n\n\n\n<div style=\"height:100px\" aria-hidden=\"true\" class=\"wp-block-spacer\"><\/div>\n\n\n\n<div class=\"wp-block-columns alignfull is-layout-flex wp-container-core-columns-is-layout-28f84493 wp-block-columns-is-layout-flex\">\n<div class=\"wp-block-column is-layout-flow wp-block-column-is-layout-flow\" style=\"flex-basis:50%\">\n<div class=\"wp-block-cover is-light\" style=\"min-height:600px;aspect-ratio:unset;\"><span aria-hidden=\"true\" class=\"wp-block-cover__background has-base-background-color has-background-dim-100 has-background-dim\"><\/span><div class=\"wp-block-cover__inner-container is-layout-flow wp-block-cover-is-layout-flow\">\n<figure class=\"wp-block-image aligncenter size-full is-resized wp-duotone-unset-1\"><img loading=\"lazy\" decoding=\"async\" width=\"1707\" height=\"2560\" src=\"https:\/\/cselloakademia.hu\/wp-content\/uploads\/2024\/10\/IMG_7715v-scaled.jpg\" alt=\"\" class=\"wp-image-567\" style=\"width:624px;height:auto\" srcset=\"https:\/\/cselloakademia.hu\/wp-content\/uploads\/2024\/10\/IMG_7715v-scaled.jpg 1707w, https:\/\/cselloakademia.hu\/wp-content\/uploads\/2024\/10\/IMG_7715v-200x300.jpg 200w, https:\/\/cselloakademia.hu\/wp-content\/uploads\/2024\/10\/IMG_7715v-683x1024.jpg 683w, https:\/\/cselloakademia.hu\/wp-content\/uploads\/2024\/10\/IMG_7715v-768x1152.jpg 768w, https:\/\/cselloakademia.hu\/wp-content\/uploads\/2024\/10\/IMG_7715v-1024x1536.jpg 1024w, https:\/\/cselloakademia.hu\/wp-content\/uploads\/2024\/10\/IMG_7715v-1365x2048.jpg 1365w\" sizes=\"auto, (max-width: 1707px) 100vw, 1707px\" \/><\/figure>\n<\/div><\/div>\n<\/div>\n\n\n\n<div class=\"wp-block-column is-vertically-aligned-center is-layout-flow wp-block-column-is-layout-flow\" style=\"padding-top:1em;padding-right:1em;padding-bottom:1em;padding-left:1em\">\n<div class=\"wp-block-columns is-layout-flex wp-container-core-columns-is-layout-28f84493 wp-block-columns-is-layout-flex\">\n<div class=\"wp-block-column is-layout-flow wp-block-column-is-layout-flow\" style=\"flex-basis:320px\">\n<p class=\"has-small-font-size\" style=\"line-height:1.6\"><strong>\u00c9letrajz<\/strong><\/p>\n\n\n\n<p class=\"has-small-font-size\" style=\"line-height:1.6\">B\u00e1thori Borb\u00e1la 8 \u00e9vesen kezdett gordonk\u00e1t tanulni \u00c9rden. A zene szeretete eg\u00e9szen kor\u00e1n \u00e1tsz\u0151tte \u00e9let\u00e9t, ez\u00e9rt egy\u00e9rtelm\u0171 volt sz\u00e1m\u00e1ra, hogy a csell\u00f3val professzion\u00e1lisan foglalkozzon.<br>B\u00e9csben (t\u00f6bbek k\u00f6z\u00f6tt Bruno Weinmeister-n\u00e9l), 2018-ban diplom\u00e1zott alapszinten, 2021-ben pedig Grazban, Rudolf Leopold \u00e9s Johannes Krebs n\u00f6vend\u00e9kek\u00e9nt kit\u0171n\u0151 eredm\u00e9nnyel mesterfokon.<br>2018-ban a Gustav Mahler Ifj\u00fas\u00e1gi Zenekar tagjak\u00e9nt olyan m\u0171v\u00e9szekkel dolgozhatott, mint Wolfgang Boettcher \u00e9s Vladimir Jurowsky. 2020-ban a Tennessee CW verseny\u00e9n els\u0151 d\u00edjjal t\u00e9rt haza Amerik\u00e1b\u00f3l.<br>Jelenleg a Magyar \u00c1llami Operah\u00e1z csellist\u00e1ja.<\/p>\n\n\n\n<p class=\"has-small-font-size\" style=\"line-height:1.6\"><\/p>\n<\/div>\n<\/div>\n<\/div>\n<\/div>\n","protected":false},"excerpt":{"rendered":"<p>B\u00e1thori Borb\u00e1la \u00c9letrajz B\u00e1thori Borb\u00e1la 8 \u00e9vesen kezdett gordonk\u00e1t tanulni \u00c9rden. A zene szeretete eg\u00e9szen kor\u00e1n \u00e1tsz\u0151tte \u00e9let\u00e9t, ez\u00e9rt egy\u00e9rtelm\u0171 volt sz\u00e1m\u00e1ra, hogy a csell\u00f3val professzion\u00e1lisan foglalkozzon.B\u00e9csben (t\u00f6bbek k\u00f6z\u00f6tt Bruno [&hellip;]<\/p>\n","protected":false},"author":1,"featured_media":0,"parent":0,"menu_order":0,"comment_status":"closed","ping_status":"closed","template":"","meta":{"pgc_sgb_lightbox_settings":"","_price":"","_stock":"","_tribe_ticket_header":"","_tribe_default_ticket_provider":"","_tribe_ticket_capacity":"0","_ticket_start_date":"","_ticket_end_date":"","_tribe_ticket_show_description":"","_tribe_ticket_show_not_going":false,"_tribe_ticket_use_global_stock":"","_tribe_ticket_global_stock_level":"","_global_stock_mode":"","_global_stock_cap":"","_tribe_rsvp_for_event":"","_tribe_ticket_going_count":"","_tribe_ticket_not_going_count":"","_tribe_tickets_list":"[]","_tribe_ticket_has_attendee_info_fields":false,"_EventAllDay":false,"_EventTimezone":"","_EventStartDate":"","_EventEndDate":"","_EventStartDateUTC":"","_EventEndDateUTC":"","_EventShowMap":false,"_EventShowMapLink":false,"_EventURL":"","_EventCost":"","_EventCostDescription":"","_EventCurrencySymbol":"","_EventCurrencyCode":"","_EventCurrencyPosition":"","_EventDateTimeSeparator":"","_EventTimeRangeSeparator":"","_EventOrganizerID":[],"_EventVenueID":[],"_OrganizerEmail":"","_OrganizerPhone":"","_OrganizerWebsite":"","_VenueAddress":"","_VenueCity":"","_VenueCountry":"","_VenueProvince":"","_VenueState":"","_VenueZip":"","_VenuePhone":"","_VenueURL":"","_VenueStateProvince":"","_VenueLat":"","_VenueLng":"","_VenueShowMap":false,"_VenueShowMapLink":false,"footnotes":"","_tec_slr_enabled":"","_tec_slr_layout":""},"class_list":["post-569","page","type-page","status-publish","hentry"],"aioseo_notices":[],"ticketed":false,"_links":{"self":[{"href":"https:\/\/cselloakademia.hu\/de\/wp-json\/wp\/v2\/pages\/569","targetHints":{"allow":["GET"]}}],"collection":[{"href":"https:\/\/cselloakademia.hu\/de\/wp-json\/wp\/v2\/pages"}],"about":[{"href":"https:\/\/cselloakademia.hu\/de\/wp-json\/wp\/v2\/types\/page"}],"author":[{"embeddable":true,"href":"https:\/\/cselloakademia.hu\/de\/wp-json\/wp\/v2\/users\/1"}],"replies":[{"embeddable":true,"href":"https:\/\/cselloakademia.hu\/de\/wp-json\/wp\/v2\/comments?post=569"}],"version-history":[{"count":3,"href":"https:\/\/cselloakademia.hu\/de\/wp-json\/wp\/v2\/pages\/569\/revisions"}],"predecessor-version":[{"id":572,"href":"https:\/\/cselloakademia.hu\/de\/wp-json\/wp\/v2\/pages\/569\/revisions\/572"}],"wp:attachment":[{"href":"https:\/\/cselloakademia.hu\/de\/wp-json\/wp\/v2\/media?parent=569"}],"curies":[{"name":"wp","href":"https:\/\/api.w.org\/{rel}","templated":true}]}}