{"id":528,"date":"2024-10-27T12:00:30","date_gmt":"2024-10-27T10:00:30","guid":{"rendered":"https:\/\/cselloakademia.hu\/?page_id=528"},"modified":"2025-06-22T18:04:15","modified_gmt":"2025-06-22T16:04:15","slug":"528-2","status":"publish","type":"page","link":"https:\/\/cselloakademia.hu\/de\/528-2\/","title":{"rendered":"Mesterkurzusok"},"content":{"rendered":"\n<div class=\"wp-block-group alignfull has-global-padding is-layout-constrained wp-container-core-group-is-layout-d89aad35 wp-block-group-is-layout-constrained\" style=\"margin-top:0;margin-bottom:0;padding-top:var(--wp--preset--spacing--50);padding-right:var(--wp--preset--spacing--50);padding-bottom:var(--wp--preset--spacing--50);padding-left:var(--wp--preset--spacing--50)\">\n<div class=\"wp-block-columns alignwide are-vertically-aligned-center is-layout-flex wp-container-core-columns-is-layout-47c06fe3 wp-block-columns-is-layout-flex\">\n<div class=\"wp-block-column is-vertically-aligned-center is-layout-flow wp-block-column-is-layout-flow\" style=\"flex-basis:50%\">\n<figure class=\"wp-block-image size-full is-style-rounded wp-duotone-unset-2 is-style-rounded--1\"><img loading=\"lazy\" decoding=\"async\" width=\"1600\" height=\"1067\" src=\"https:\/\/cselloakademia.hu\/wp-content\/uploads\/2025\/06\/d29e9191-ced4-4473-a4e2-206c5c262c28.jpg\" alt=\"\" class=\"wp-image-714\" style=\"aspect-ratio:4\/3;object-fit:cover\" srcset=\"https:\/\/cselloakademia.hu\/wp-content\/uploads\/2025\/06\/d29e9191-ced4-4473-a4e2-206c5c262c28.jpg 1600w, https:\/\/cselloakademia.hu\/wp-content\/uploads\/2025\/06\/d29e9191-ced4-4473-a4e2-206c5c262c28-300x200.jpg 300w, https:\/\/cselloakademia.hu\/wp-content\/uploads\/2025\/06\/d29e9191-ced4-4473-a4e2-206c5c262c28-1024x683.jpg 1024w, https:\/\/cselloakademia.hu\/wp-content\/uploads\/2025\/06\/d29e9191-ced4-4473-a4e2-206c5c262c28-768x512.jpg 768w, https:\/\/cselloakademia.hu\/wp-content\/uploads\/2025\/06\/d29e9191-ced4-4473-a4e2-206c5c262c28-1536x1024.jpg 1536w\" sizes=\"auto, (max-width: 1600px) 100vw, 1600px\" \/><\/figure>\n<\/div>\n\n\n\n<div class=\"wp-block-column is-vertically-aligned-center is-layout-flow wp-block-column-is-layout-flow\" style=\"flex-basis:50%\">\n<h2 class=\"wp-block-heading\">Kamarazene Kurzus Hartmann Domonkossal \u00e9s a Motus Quartettel<\/h2>\n\n\n\n<p>A kurzus id\u0151tartama augusztus 12\u201317. <\/p>\n\n\n\n<p>R\u00e9szletek az esem\u00e9nyek alatt.<\/p>\n\n\n\n<p><\/p>\n\n\n\n<div class=\"wp-block-buttons is-layout-flex wp-block-buttons-is-layout-flex\">\n<div class=\"wp-block-button\"><a class=\"wp-block-button__link wp-element-button\" href=\"https:\/\/cselloakademia.hu\/de\/event\/kamaraze-kurzus-hartmann-domonkos-es-a-motus-quartett\/\">Esem\u00e9nyek<\/a><\/div>\n<\/div>\n<\/div>\n<\/div>\n<\/div>\n\n\n\n<hr class=\"wp-block-separator alignfull has-alpha-channel-opacity is-style-dots\"\/>\n\n\n\n<div class=\"wp-block-group alignfull has-global-padding is-layout-constrained wp-container-core-group-is-layout-d89aad35 wp-block-group-is-layout-constrained\" style=\"margin-top:0;margin-bottom:0;padding-top:var(--wp--preset--spacing--50);padding-right:var(--wp--preset--spacing--50);padding-bottom:var(--wp--preset--spacing--50);padding-left:var(--wp--preset--spacing--50)\">\n<div class=\"wp-block-columns alignwide are-vertically-aligned-center is-layout-flex wp-container-core-columns-is-layout-47c06fe3 wp-block-columns-is-layout-flex\">\n<div class=\"wp-block-column is-vertically-aligned-center is-layout-flow wp-block-column-is-layout-flow\" style=\"flex-basis:50%\">\n<h2 class=\"wp-block-heading\">Rendszeres ny\u00e1ri mesterkurzus<\/h2>\n\n\n\n<p>Rudolf Leopold nemzetk\u00f6zi mesterkurzusa 1998 \u00f3ta minden \u00e9vben<br>megrendez\u00e9sre ker\u00fclt, Ausztri\u00e1ban, Irdningben. 2000-ben tan\u00e1rseg\u00e9dk\u00e9nt<br>Moln\u00e1r Andrea is csatlakozott a ny\u00e1ri mesterkurzushoz. A koncepci\u00f3 az\u00f3ta is<br>v\u00e1ltozatlan, 10 nap elm\u00e9ly\u00fclt m\u0171helymunka, mindennapos f\u0151t\u00e1rgy \u00f3r\u00e1kkal,<br>fantasztikus zongorak\u00eds\u00e9r\u0151kkel, izgalmas z\u00e1r\u00f3koncertekkel.<\/p>\n\n\n\n<p>2014 \u00f3ta a legfiatalabb tehets\u00e9gek oktat\u00e1s\u00e1val Thomas Platzgummer<br>foglalkozik.<br>A mesterkurzusnak 2015 \u00f3ta a veszpr\u00e9mi Cserm\u00e1k Antal Zeneiskola ad<br>otthont.<\/p>\n\n\n\n<div class=\"wp-block-buttons is-layout-flex wp-block-buttons-is-layout-flex\">\n<div class=\"wp-block-button\"><a class=\"wp-block-button__link wp-element-button\" href=\"https:\/\/cselloakademia.hu\/muveszek\/\">M\u0171v\u00e9szeink<\/a><\/div>\n\n\n\n<div class=\"wp-block-button is-style-outline is-style-outline--3\"><a class=\"wp-block-button__link wp-element-button\" href=\"https:\/\/cselloakademia.hu\/archiv\/\">Archivum<\/a><\/div>\n\n\n\n<div class=\"wp-block-button is-style-fill\"><a class=\"wp-block-button__link has-contrast-color has-text-color has-background has-link-color wp-element-button\" href=\"https:\/\/cdn.forms-content-1.sg-form.com\/4709a334-7dc9-11ef-be42-0eef05cd29f6\" style=\"background-color:#b3e6ff\">2025 Jelentkez\u00e9s<\/a><\/div>\n<\/div>\n<\/div>\n\n\n\n<div class=\"wp-block-column is-vertically-aligned-center is-layout-flow wp-block-column-is-layout-flow\" style=\"flex-basis:50%\">\n<figure class=\"wp-block-image size-full is-style-rounded wp-duotone-unset-5 is-style-rounded--4\"><img loading=\"lazy\" decoding=\"async\" width=\"2048\" height=\"1536\" src=\"https:\/\/cselloakademia.hu\/wp-content\/uploads\/2024\/10\/456330704_471550799036732_2764638911586576710_n.jpg\" alt=\"\" class=\"wp-image-74\" style=\"aspect-ratio:4\/3;object-fit:cover\" srcset=\"https:\/\/cselloakademia.hu\/wp-content\/uploads\/2024\/10\/456330704_471550799036732_2764638911586576710_n.jpg 2048w, https:\/\/cselloakademia.hu\/wp-content\/uploads\/2024\/10\/456330704_471550799036732_2764638911586576710_n-300x225.jpg 300w, https:\/\/cselloakademia.hu\/wp-content\/uploads\/2024\/10\/456330704_471550799036732_2764638911586576710_n-1024x768.jpg 1024w, https:\/\/cselloakademia.hu\/wp-content\/uploads\/2024\/10\/456330704_471550799036732_2764638911586576710_n-768x576.jpg 768w, https:\/\/cselloakademia.hu\/wp-content\/uploads\/2024\/10\/456330704_471550799036732_2764638911586576710_n-1536x1152.jpg 1536w, https:\/\/cselloakademia.hu\/wp-content\/uploads\/2024\/10\/456330704_471550799036732_2764638911586576710_n-1440x1080.jpg 1440w\" sizes=\"auto, (max-width: 2048px) 100vw, 2048px\" \/><\/figure>\n<\/div>\n<\/div>\n<\/div>\n\n\n\n<hr class=\"wp-block-separator alignfull has-alpha-channel-opacity is-style-dots\"\/>\n\n\n\n<div class=\"wp-block-group alignfull has-global-padding is-layout-constrained wp-container-core-group-is-layout-d89aad35 wp-block-group-is-layout-constrained\" style=\"margin-top:0;margin-bottom:0;padding-top:var(--wp--preset--spacing--50);padding-right:var(--wp--preset--spacing--50);padding-bottom:var(--wp--preset--spacing--50);padding-left:var(--wp--preset--spacing--50)\">\n<div class=\"wp-block-columns alignwide are-vertically-aligned-center is-layout-flex wp-container-core-columns-is-layout-47c06fe3 wp-block-columns-is-layout-flex\">\n<div class=\"wp-block-column is-vertically-aligned-center is-layout-flow wp-block-column-is-layout-flow\" style=\"flex-basis:50%\">\n<figure class=\"wp-block-image size-full is-style-rounded wp-duotone-unset-7 is-style-rounded--6\"><img loading=\"lazy\" decoding=\"async\" width=\"1181\" height=\"1168\" src=\"https:\/\/cselloakademia.hu\/wp-content\/uploads\/2024\/10\/thomas.jpg\" alt=\"\" class=\"wp-image-249\" style=\"aspect-ratio:4\/3;object-fit:cover\" srcset=\"https:\/\/cselloakademia.hu\/wp-content\/uploads\/2024\/10\/thomas.jpg 1181w, https:\/\/cselloakademia.hu\/wp-content\/uploads\/2024\/10\/thomas-300x297.jpg 300w, https:\/\/cselloakademia.hu\/wp-content\/uploads\/2024\/10\/thomas-1024x1013.jpg 1024w, https:\/\/cselloakademia.hu\/wp-content\/uploads\/2024\/10\/thomas-768x760.jpg 768w\" sizes=\"auto, (max-width: 1181px) 100vw, 1181px\" \/><\/figure>\n<\/div>\n\n\n\n<div class=\"wp-block-column is-vertically-aligned-center is-layout-flow wp-block-column-is-layout-flow\" style=\"flex-basis:50%\">\n<h2 class=\"wp-block-heading\">Megh\u00edvott m\u0171v\u00e9szek kurzusai<\/h2>\n\n\n\n<p>A Csell\u00f3akad\u00e9mia Veszpr\u00e9m egyik legfontosabb feladat\u00e1nak a<br>tehets\u00e9ggondoz\u00e1st tekinti. Igyeksz\u00fcnk a n\u00e1lunk fell\u00e9p\u0151 m\u00fcv\u00e9szeket<br>kurzusokra, workshopokra Veszpr\u00e9mbe cs\u00e1b\u00edtani, a fiatal tehets\u00e9geket ezzel<br>is inspir\u00e1lni \u00e9s motiv\u00e1lni. <\/p>\n\n\n\n<p><strong>Vend\u00e9g\u00fcnk volt m\u00e1r Rudolf Leopold, Varga Istv\u00e1n,<br>Feny\u0151 L\u00e1szl\u00f3, Stankowsky Endre, Luis Zorita, Liliana Kehayova, Hartmann<br>Domonkos.<\/strong><\/p>\n\n\n\n<div class=\"wp-block-buttons is-layout-flex wp-block-buttons-is-layout-flex\">\n<div class=\"wp-block-button\"><a class=\"wp-block-button__link wp-element-button\" href=\"https:\/\/cselloakademia.hu\/muveszek\/\">M\u0171v\u00e9szeink<\/a><\/div>\n\n\n\n<div class=\"wp-block-button is-style-outline is-style-outline--8\"><a class=\"wp-block-button__link wp-element-button\" href=\"https:\/\/cselloakademia.hu\/archiv\/\">Archivum<\/a><\/div>\n<\/div>\n<\/div>\n<\/div>\n<\/div>\n\n\n\n<hr class=\"wp-block-separator alignfull has-alpha-channel-opacity is-style-dots\"\/>\n\n\n\n<div class=\"wp-block-group alignfull has-global-padding is-layout-constrained wp-container-core-group-is-layout-d89aad35 wp-block-group-is-layout-constrained\" style=\"margin-top:0;margin-bottom:0;padding-top:var(--wp--preset--spacing--50);padding-right:var(--wp--preset--spacing--50);padding-bottom:var(--wp--preset--spacing--50);padding-left:var(--wp--preset--spacing--50)\">\n<div class=\"wp-block-columns alignwide are-vertically-aligned-center is-layout-flex wp-container-core-columns-is-layout-47c06fe3 wp-block-columns-is-layout-flex\">\n<div class=\"wp-block-column is-vertically-aligned-center is-layout-flow wp-block-column-is-layout-flow\" style=\"flex-basis:50%\">\n<h2 class=\"wp-block-heading\">Szakmai nap<\/h2>\n\n\n\n<p>A Csell\u00f3akad\u00e9mia Veszpr\u00e9m \u0151szi fesztiv\u00e1lj\u00e1nak keret\u00e9n bel\u00fcl \u00e9vente szakmai<br>napot szervez\u00fcnk. A motiv\u00e1ci\u00f3s napon Veszpr\u00e9m \u00e9s k\u00f6rny\u00e9ke<br>zeneiskol\u00e1sainak \u00e9s tan\u00e1rainak szeretn\u00e9nk k\u00f6tetlen k\u00f6r\u00fclm\u00e9nyek k\u00f6z\u00f6tt<br>lehet\u0151s\u00e9get teremteni szakmai konzult\u00e1ci\u00f3ra.<\/p>\n\n\n\n<div class=\"wp-block-buttons is-layout-flex wp-block-buttons-is-layout-flex\">\n<div class=\"wp-block-button is-style-outline is-style-outline--9\"><a class=\"wp-block-button__link wp-element-button\" href=\"https:\/\/cselloakademia.hu\/archiv\/\">Archivum<\/a><\/div>\n<\/div>\n<\/div>\n\n\n\n<div class=\"wp-block-column is-vertically-aligned-center is-layout-flow wp-block-column-is-layout-flow\" style=\"flex-basis:50%\">\n<figure class=\"wp-block-image size-full is-style-rounded wp-duotone-unset-11 is-style-rounded--10\"><img loading=\"lazy\" decoding=\"async\" width=\"2500\" height=\"1399\" src=\"https:\/\/cselloakademia.hu\/wp-content\/uploads\/2024\/10\/4-2.jpg\" alt=\"\" class=\"wp-image-102\" style=\"aspect-ratio:4\/3;object-fit:cover\" srcset=\"https:\/\/cselloakademia.hu\/wp-content\/uploads\/2024\/10\/4-2.jpg 2500w, https:\/\/cselloakademia.hu\/wp-content\/uploads\/2024\/10\/4-2-300x168.jpg 300w, https:\/\/cselloakademia.hu\/wp-content\/uploads\/2024\/10\/4-2-1024x573.jpg 1024w, https:\/\/cselloakademia.hu\/wp-content\/uploads\/2024\/10\/4-2-768x430.jpg 768w, https:\/\/cselloakademia.hu\/wp-content\/uploads\/2024\/10\/4-2-1536x860.jpg 1536w, https:\/\/cselloakademia.hu\/wp-content\/uploads\/2024\/10\/4-2-2048x1146.jpg 2048w, https:\/\/cselloakademia.hu\/wp-content\/uploads\/2024\/10\/4-2-1920x1074.jpg 1920w\" sizes=\"auto, (max-width: 2500px) 100vw, 2500px\" \/><\/figure>\n<\/div>\n<\/div>\n<\/div>\n\n\n\n<p><\/p>\n","protected":false},"excerpt":{"rendered":"<p>Kamarazene Kurzus Hartmann Domonkossal \u00e9s a Motus Quartettel A kurzus id\u0151tartama augusztus 12\u201317. R\u00e9szletek az esem\u00e9nyek alatt. Rendszeres ny\u00e1ri mesterkurzus Rudolf Leopold nemzetk\u00f6zi mesterkurzusa 1998 \u00f3ta minden \u00e9vbenmegrendez\u00e9sre ker\u00fclt, Ausztri\u00e1ban, [&hellip;]<\/p>\n","protected":false},"author":1,"featured_media":0,"parent":0,"menu_order":0,"comment_status":"closed","ping_status":"closed","template":"","meta":{"pgc_sgb_lightbox_settings":"","_price":"","_stock":"","_tribe_ticket_header":"","_tribe_default_ticket_provider":"","_tribe_ticket_capacity":"0","_ticket_start_date":"","_ticket_end_date":"","_tribe_ticket_show_description":"","_tribe_ticket_show_not_going":false,"_tribe_ticket_use_global_stock":"","_tribe_ticket_global_stock_level":"","_global_stock_mode":"","_global_stock_cap":"","_tribe_rsvp_for_event":"","_tribe_ticket_going_count":"","_tribe_ticket_not_going_count":"","_tribe_tickets_list":"[]","_tribe_ticket_has_attendee_info_fields":false,"_EventAllDay":false,"_EventTimezone":"","_EventStartDate":"","_EventEndDate":"","_EventStartDateUTC":"","_EventEndDateUTC":"","_EventShowMap":false,"_EventShowMapLink":false,"_EventURL":"","_EventCost":"","_EventCostDescription":"","_EventCurrencySymbol":"","_EventCurrencyCode":"","_EventCurrencyPosition":"","_EventDateTimeSeparator":"","_EventTimeRangeSeparator":"","_EventOrganizerID":[],"_EventVenueID":[],"_OrganizerEmail":"","_OrganizerPhone":"","_OrganizerWebsite":"","_VenueAddress":"","_VenueCity":"","_VenueCountry":"","_VenueProvince":"","_VenueState":"","_VenueZip":"","_VenuePhone":"","_VenueURL":"","_VenueStateProvince":"","_VenueLat":"","_VenueLng":"","_VenueShowMap":false,"_VenueShowMapLink":false,"footnotes":"","_tec_slr_enabled":"","_tec_slr_layout":""},"class_list":["post-528","page","type-page","status-publish","hentry"],"aioseo_notices":[],"ticketed":false,"_links":{"self":[{"href":"https:\/\/cselloakademia.hu\/de\/wp-json\/wp\/v2\/pages\/528","targetHints":{"allow":["GET"]}}],"collection":[{"href":"https:\/\/cselloakademia.hu\/de\/wp-json\/wp\/v2\/pages"}],"about":[{"href":"https:\/\/cselloakademia.hu\/de\/wp-json\/wp\/v2\/types\/page"}],"author":[{"embeddable":true,"href":"https:\/\/cselloakademia.hu\/de\/wp-json\/wp\/v2\/users\/1"}],"replies":[{"embeddable":true,"href":"https:\/\/cselloakademia.hu\/de\/wp-json\/wp\/v2\/comments?post=528"}],"version-history":[{"count":19,"href":"https:\/\/cselloakademia.hu\/de\/wp-json\/wp\/v2\/pages\/528\/revisions"}],"predecessor-version":[{"id":832,"href":"https:\/\/cselloakademia.hu\/de\/wp-json\/wp\/v2\/pages\/528\/revisions\/832"}],"wp:attachment":[{"href":"https:\/\/cselloakademia.hu\/de\/wp-json\/wp\/v2\/media?parent=528"}],"curies":[{"name":"wp","href":"https:\/\/api.w.org\/{rel}","templated":true}]}}