{"id":301,"date":"2024-10-18T22:04:40","date_gmt":"2024-10-18T22:04:40","guid":{"rendered":"https:\/\/tuningcharts.com\/cselloakademia\/?page_id=301"},"modified":"2024-10-18T22:11:23","modified_gmt":"2024-10-18T22:11:23","slug":"stankowsky-endre","status":"publish","type":"page","link":"https:\/\/cselloakademia.hu\/de\/stankowsky-endre\/","title":{"rendered":"Stankowsky Endre"},"content":{"rendered":"\n<h1 class=\"wp-block-heading\">Stankowsky Endre<\/h1>\n\n\n\n<div style=\"height:100px\" aria-hidden=\"true\" class=\"wp-block-spacer\"><\/div>\n\n\n\n<div class=\"wp-block-columns alignfull is-layout-flex wp-container-core-columns-is-layout-28f84493 wp-block-columns-is-layout-flex\">\n<div class=\"wp-block-column is-layout-flow wp-block-column-is-layout-flow\" style=\"flex-basis:50%\">\n<div class=\"wp-block-cover is-light\" style=\"min-height:600px;aspect-ratio:unset;\"><span aria-hidden=\"true\" class=\"wp-block-cover__background has-base-background-color has-background-dim-100 has-background-dim\"><\/span><div class=\"wp-block-cover__inner-container is-layout-flow wp-block-cover-is-layout-flow\">\n<figure class=\"wp-block-image aligncenter size-large wp-duotone-unset-1\"><img loading=\"lazy\" decoding=\"async\" width=\"684\" height=\"1024\" src=\"https:\/\/tuningcharts.com\/cselloakademia\/wp-content\/uploads\/2024\/10\/9-684x1024.jpg\" alt=\"\" class=\"wp-image-58\" style=\"object-fit:cover\" srcset=\"https:\/\/cselloakademia.hu\/wp-content\/uploads\/2024\/10\/9-684x1024.jpg 684w, https:\/\/cselloakademia.hu\/wp-content\/uploads\/2024\/10\/9-201x300.jpg 201w, https:\/\/cselloakademia.hu\/wp-content\/uploads\/2024\/10\/9-768x1149.jpg 768w, https:\/\/cselloakademia.hu\/wp-content\/uploads\/2024\/10\/9-1027x1536.jpg 1027w, https:\/\/cselloakademia.hu\/wp-content\/uploads\/2024\/10\/9-1369x2048.jpg 1369w, https:\/\/cselloakademia.hu\/wp-content\/uploads\/2024\/10\/9-722x1080.jpg 722w, https:\/\/cselloakademia.hu\/wp-content\/uploads\/2024\/10\/9.jpg 1500w\" sizes=\"auto, (max-width: 684px) 100vw, 684px\" \/><\/figure>\n<\/div><\/div>\n<\/div>\n\n\n\n<div class=\"wp-block-column is-vertically-aligned-center is-layout-flow wp-block-column-is-layout-flow\" style=\"padding-top:1em;padding-right:1em;padding-bottom:1em;padding-left:1em\">\n<div class=\"wp-block-columns is-layout-flex wp-container-core-columns-is-layout-28f84493 wp-block-columns-is-layout-flex\">\n<div class=\"wp-block-column is-layout-flow wp-block-column-is-layout-flow\" style=\"flex-basis:320px\">\n<p class=\"has-small-font-size\" style=\"line-height:1.6\"><strong>\u00c9letrajz<\/strong><\/p>\n\n\n\n<p class=\"has-medium-font-size\" style=\"line-height:1.6\">Stankowsky Endre F., magyar csellista h\u00e9t \u00e9ves kor\u00e1ban kezdte csell\u00f3tanulm\u00e1nyait.<\/p>\n\n\n\n<p class=\"has-medium-font-size\" style=\"line-height:1.6\">Kiv\u00e9teles tehets\u00e9ge m\u00e1r kor\u00e1n megmutatkozott. Gyermekkor\u00e1t\u00f3l kezdve nyertese sz\u00e1mos magyar \u00e9s nemzetk\u00f6zi versenynek.<\/p>\n\n\n\n<p class=\"has-medium-font-size\">Bachelor tanulm\u00e1nyait (2007-2010) a Budapesti Liszt Ferenc Zenem\u0171v\u00e9szeti Egyetemen v\u00e9gezte. A mesterk\u00e9pz\u00e9st (2012-2016) Ausztri\u00e1ban Graz-ban a Zenem\u0171v\u00e9szeti Egyetemen folytatta (Universit\u00e4t f\u00fcr Musik und darstellende Kunst Graz, Austria), Prof. Rudolf Leopold ir\u00e1ny\u00edt\u00e1sa alatt. Egyetemi tanulm\u00e1nyait kit\u00fcntet\u00e9ssel fejezte be.<\/p>\n\n\n\n<p class=\"has-medium-font-size\">Stankowsky Endre F. sz\u00e1mos nemzetk\u00f6zi versenyt nyert, k\u00f6zt\u00fck David Popper Nemzetk\u00f6zi Gordonka versenyt, Magyarorsz\u00e1gon (2009); a Liezeni Nemzetk\u00f6zi Csell\u00f3 Versenyt, Ausztri\u00e1ban (2014); a III. S. Knushevitsky Nemzetk\u00f6zi Versenyt, Oroszorsz\u00e1gban (2016); a Berlin Debut International versenyt, N\u00e9metorsz\u00e1gban (2017).<\/p>\n<\/div>\n<\/div>\n<\/div>\n<\/div>\n","protected":false},"excerpt":{"rendered":"<p>Stankowsky Endre \u00c9letrajz Stankowsky Endre F., magyar csellista h\u00e9t \u00e9ves kor\u00e1ban kezdte csell\u00f3tanulm\u00e1nyait. Kiv\u00e9teles tehets\u00e9ge m\u00e1r kor\u00e1n megmutatkozott. Gyermekkor\u00e1t\u00f3l kezdve nyertese sz\u00e1mos magyar \u00e9s nemzetk\u00f6zi versenynek. Bachelor tanulm\u00e1nyait (2007-2010) a [&hellip;]<\/p>\n","protected":false},"author":1,"featured_media":0,"parent":0,"menu_order":0,"comment_status":"closed","ping_status":"closed","template":"","meta":{"pgc_sgb_lightbox_settings":"","_price":"","_stock":"","_tribe_ticket_header":"","_tribe_default_ticket_provider":"","_tribe_ticket_capacity":"0","_ticket_start_date":"","_ticket_end_date":"","_tribe_ticket_show_description":"","_tribe_ticket_show_not_going":false,"_tribe_ticket_use_global_stock":"","_tribe_ticket_global_stock_level":"","_global_stock_mode":"","_global_stock_cap":"","_tribe_rsvp_for_event":"","_tribe_ticket_going_count":"","_tribe_ticket_not_going_count":"","_tribe_tickets_list":"[]","_tribe_ticket_has_attendee_info_fields":false,"_EventAllDay":false,"_EventTimezone":"","_EventStartDate":"","_EventEndDate":"","_EventStartDateUTC":"","_EventEndDateUTC":"","_EventShowMap":false,"_EventShowMapLink":false,"_EventURL":"","_EventCost":"","_EventCostDescription":"","_EventCurrencySymbol":"","_EventCurrencyCode":"","_EventCurrencyPosition":"","_EventDateTimeSeparator":"","_EventTimeRangeSeparator":"","_EventOrganizerID":[],"_EventVenueID":[],"_OrganizerEmail":"","_OrganizerPhone":"","_OrganizerWebsite":"","_VenueAddress":"","_VenueCity":"","_VenueCountry":"","_VenueProvince":"","_VenueState":"","_VenueZip":"","_VenuePhone":"","_VenueURL":"","_VenueStateProvince":"","_VenueLat":"","_VenueLng":"","_VenueShowMap":false,"_VenueShowMapLink":false,"footnotes":"","_tec_slr_enabled":"","_tec_slr_layout":""},"class_list":["post-301","page","type-page","status-publish","hentry"],"aioseo_notices":[],"ticketed":false,"_links":{"self":[{"href":"https:\/\/cselloakademia.hu\/de\/wp-json\/wp\/v2\/pages\/301","targetHints":{"allow":["GET"]}}],"collection":[{"href":"https:\/\/cselloakademia.hu\/de\/wp-json\/wp\/v2\/pages"}],"about":[{"href":"https:\/\/cselloakademia.hu\/de\/wp-json\/wp\/v2\/types\/page"}],"author":[{"embeddable":true,"href":"https:\/\/cselloakademia.hu\/de\/wp-json\/wp\/v2\/users\/1"}],"replies":[{"embeddable":true,"href":"https:\/\/cselloakademia.hu\/de\/wp-json\/wp\/v2\/comments?post=301"}],"version-history":[{"count":2,"href":"https:\/\/cselloakademia.hu\/de\/wp-json\/wp\/v2\/pages\/301\/revisions"}],"predecessor-version":[{"id":317,"href":"https:\/\/cselloakademia.hu\/de\/wp-json\/wp\/v2\/pages\/301\/revisions\/317"}],"wp:attachment":[{"href":"https:\/\/cselloakademia.hu\/de\/wp-json\/wp\/v2\/media?parent=301"}],"curies":[{"name":"wp","href":"https:\/\/api.w.org\/{rel}","templated":true}]}}