{"id":298,"date":"2024-10-18T22:01:35","date_gmt":"2024-10-18T22:01:35","guid":{"rendered":"https:\/\/tuningcharts.com\/cselloakademia\/?page_id=298"},"modified":"2024-10-18T22:11:12","modified_gmt":"2024-10-18T22:11:12","slug":"rudolf-leopold","status":"publish","type":"page","link":"https:\/\/cselloakademia.hu\/de\/rudolf-leopold\/","title":{"rendered":"Rudolf Leopold"},"content":{"rendered":"\n<h1 class=\"wp-block-heading\">Rudolf Leopold<\/h1>\n\n\n\n<div style=\"height:100px\" aria-hidden=\"true\" class=\"wp-block-spacer\"><\/div>\n\n\n\n<div class=\"wp-block-columns alignfull is-layout-flex wp-container-core-columns-is-layout-28f84493 wp-block-columns-is-layout-flex\">\n<div class=\"wp-block-column is-layout-flow wp-block-column-is-layout-flow\" style=\"flex-basis:50%\">\n<div class=\"wp-block-cover is-light\" style=\"min-height:600px;aspect-ratio:unset;\"><span aria-hidden=\"true\" class=\"wp-block-cover__background has-base-background-color has-background-dim-100 has-background-dim\"><\/span><div class=\"wp-block-cover__inner-container is-layout-flow wp-block-cover-is-layout-flow\">\n<figure class=\"wp-block-image aligncenter size-full wp-duotone-unset-1\"><img loading=\"lazy\" decoding=\"async\" width=\"400\" height=\"600\" src=\"https:\/\/tuningcharts.com\/cselloakademia\/wp-content\/uploads\/2024\/10\/7-1.jpg\" alt=\"\" class=\"wp-image-240\" srcset=\"https:\/\/cselloakademia.hu\/wp-content\/uploads\/2024\/10\/7-1.jpg 400w, https:\/\/cselloakademia.hu\/wp-content\/uploads\/2024\/10\/7-1-200x300.jpg 200w\" sizes=\"auto, (max-width: 400px) 100vw, 400px\" \/><\/figure>\n<\/div><\/div>\n<\/div>\n\n\n\n<div class=\"wp-block-column is-vertically-aligned-center is-layout-flow wp-block-column-is-layout-flow\" style=\"padding-top:1em;padding-right:1em;padding-bottom:1em;padding-left:1em\">\n<div class=\"wp-block-columns is-layout-flex wp-container-core-columns-is-layout-28f84493 wp-block-columns-is-layout-flex\">\n<div class=\"wp-block-column is-layout-flow wp-block-column-is-layout-flow\" style=\"flex-basis:320px\">\n<p class=\"has-small-font-size\" style=\"line-height:1.6\"><strong>\u00c9letrajz<\/strong><\/p>\n\n\n\n<p class=\"has-medium-font-size\" style=\"line-height:1.6\">B\u00e9csben sz\u00fcletett. A b\u00e9csi Zeneakad\u00e9mi\u00e1n gordonka, zongora \u00e9s zeneszerz\u00e9s szakon tanult.<\/p>\n\n\n\n<p class=\"has-medium-font-size\">Kamarazen\u00e9szk\u00e9nt 25 \u00e9vig a legend\u00e1s &#8222;Wiener Streichsextett&#8220; tagjak\u00e9nt j\u00e1rta a vil\u00e1got. Ezzel az egy\u00fcttessel vette fel a m\u0171faj legfontosabb m\u0171veit az EMI \u00e9s a Pan Classics sz\u00e1m\u00e1ra. Sz\u00e1mos feldolgoz\u00e1sa, p\u00e9ld\u00e1ul Richard Strauss &#8222;Metamorphosen&#8220; eredeti v\u00e1ltozat\u00e1nak rekonstrukci\u00f3ja, amelyet a Boosey &amp; Hawkes kiad\u00f3 jelentetett meg, ma m\u00e1r a vil\u00e1g valamennyi sz\u00ednpad\u00e1n hallhat\u00f3.<\/p>\n\n\n\n<p class=\"has-medium-font-size\">A barokk zene szeretete vezette a Nikolaus Harnoncourt \u00e1ltal alap\u00edtott zenekarhoz, a &#8222;Concentus Musicus&#8220; -hoz, melynek m\u00e1ig sz\u00f3l\u00f3csellist\u00e1ja.<\/p>\n\n\n\n<p class=\"has-medium-font-size\" style=\"line-height:1.6\">2013-ban Bach Szent M\u00e1rk-passi\u00f3j\u00e1nak rekonstrukci\u00f3j\u00e1t saj\u00e1t barokk egy\u00fcttes\u00e9vel, az &#8222;Il Concerto Viennese&#8220;-vel mutatta be B\u00e9csben, Grazban \u00e9s Innsbruckban.<\/p>\n<\/div>\n<\/div>\n<\/div>\n<\/div>\n","protected":false},"excerpt":{"rendered":"<p>Rudolf Leopold \u00c9letrajz B\u00e9csben sz\u00fcletett. A b\u00e9csi Zeneakad\u00e9mi\u00e1n gordonka, zongora \u00e9s zeneszerz\u00e9s szakon tanult. Kamarazen\u00e9szk\u00e9nt 25 \u00e9vig a legend\u00e1s &#8222;Wiener Streichsextett&#8220; tagjak\u00e9nt j\u00e1rta a vil\u00e1got. Ezzel az egy\u00fcttessel vette fel [&hellip;]<\/p>\n","protected":false},"author":1,"featured_media":0,"parent":0,"menu_order":0,"comment_status":"closed","ping_status":"closed","template":"","meta":{"pgc_sgb_lightbox_settings":"","_price":"","_stock":"","_tribe_ticket_header":"","_tribe_default_ticket_provider":"","_tribe_ticket_capacity":"0","_ticket_start_date":"","_ticket_end_date":"","_tribe_ticket_show_description":"","_tribe_ticket_show_not_going":false,"_tribe_ticket_use_global_stock":"","_tribe_ticket_global_stock_level":"","_global_stock_mode":"","_global_stock_cap":"","_tribe_rsvp_for_event":"","_tribe_ticket_going_count":"","_tribe_ticket_not_going_count":"","_tribe_tickets_list":"[]","_tribe_ticket_has_attendee_info_fields":false,"_EventAllDay":false,"_EventTimezone":"","_EventStartDate":"","_EventEndDate":"","_EventStartDateUTC":"","_EventEndDateUTC":"","_EventShowMap":false,"_EventShowMapLink":false,"_EventURL":"","_EventCost":"","_EventCostDescription":"","_EventCurrencySymbol":"","_EventCurrencyCode":"","_EventCurrencyPosition":"","_EventDateTimeSeparator":"","_EventTimeRangeSeparator":"","_EventOrganizerID":[],"_EventVenueID":[],"_OrganizerEmail":"","_OrganizerPhone":"","_OrganizerWebsite":"","_VenueAddress":"","_VenueCity":"","_VenueCountry":"","_VenueProvince":"","_VenueState":"","_VenueZip":"","_VenuePhone":"","_VenueURL":"","_VenueStateProvince":"","_VenueLat":"","_VenueLng":"","_VenueShowMap":false,"_VenueShowMapLink":false,"footnotes":"","_tec_slr_enabled":"","_tec_slr_layout":""},"class_list":["post-298","page","type-page","status-publish","hentry"],"aioseo_notices":[],"ticketed":false,"_links":{"self":[{"href":"https:\/\/cselloakademia.hu\/de\/wp-json\/wp\/v2\/pages\/298","targetHints":{"allow":["GET"]}}],"collection":[{"href":"https:\/\/cselloakademia.hu\/de\/wp-json\/wp\/v2\/pages"}],"about":[{"href":"https:\/\/cselloakademia.hu\/de\/wp-json\/wp\/v2\/types\/page"}],"author":[{"embeddable":true,"href":"https:\/\/cselloakademia.hu\/de\/wp-json\/wp\/v2\/users\/1"}],"replies":[{"embeddable":true,"href":"https:\/\/cselloakademia.hu\/de\/wp-json\/wp\/v2\/comments?post=298"}],"version-history":[{"count":2,"href":"https:\/\/cselloakademia.hu\/de\/wp-json\/wp\/v2\/pages\/298\/revisions"}],"predecessor-version":[{"id":316,"href":"https:\/\/cselloakademia.hu\/de\/wp-json\/wp\/v2\/pages\/298\/revisions\/316"}],"wp:attachment":[{"href":"https:\/\/cselloakademia.hu\/de\/wp-json\/wp\/v2\/media?parent=298"}],"curies":[{"name":"wp","href":"https:\/\/api.w.org\/{rel}","templated":true}]}}